{"id":12678,"date":"2025-06-17T10:12:41","date_gmt":"2025-06-17T10:12:41","guid":{"rendered":"https:\/\/egypt-destinations.com\/customize-your-tour\/"},"modified":"2025-07-15T09:07:18","modified_gmt":"2025-07-15T09:07:18","slug":"customize-your-tour","status":"publish","type":"page","link":"https:\/\/egypt-destinations.com\/tr\/customize-your-tour\/","title":{"rendered":"Turunuzu \u00d6zelle\u015ftirin"},"content":{"rendered":"\t\t<div data-elementor-type=\"wp-page\" data-elementor-id=\"12678\" class=\"elementor elementor-12678 elementor-11004\">\n\t\t\t\t<div class=\"elementor-element elementor-element-3c0d346 e-con-full e-flex e-con e-parent\" data-id=\"3c0d346\" data-element_type=\"container\" data-settings=\"{&quot;background_background&quot;:&quot;classic&quot;}\">\n\t\t\t\t<div class=\"elementor-element elementor-element-4bdf1c1 elementor-widget elementor-widget-heading\" data-id=\"4bdf1c1\" data-element_type=\"widget\" data-widget_type=\"heading.default\">\n\t\t\t\t<div class=\"elementor-widget-container\">\n\t\t\t\t\t<h2 class=\"elementor-heading-title elementor-size-default\">Turunuzu \u00d6zelle\u015ftirin<\/h2>\t\t\t\t<\/div>\n\t\t\t\t<\/div>\n\t\t\t\t<\/div>\n\t\t<div class=\"elementor-element elementor-element-f2ab2d3 e-flex e-con-boxed e-con e-parent\" data-id=\"f2ab2d3\" data-element_type=\"container\">\n\t\t\t\t\t<div class=\"e-con-inner\">\n\t\t<div class=\"elementor-element elementor-element-0569b55 e-con-full e-flex e-con e-child\" data-id=\"0569b55\" data-element_type=\"container\">\n\t\t\t\t<div class=\"elementor-element elementor-element-34c77f8 elementor-widget elementor-widget-heading\" data-id=\"34c77f8\" data-element_type=\"widget\" data-widget_type=\"heading.default\">\n\t\t\t\t<div class=\"elementor-widget-container\">\n\t\t\t\t\t<h2 class=\"elementor-heading-title elementor-size-default\">Hayallerinizdeki Yolculu\u011fu Tasarlay\u0131n<\/h2>\t\t\t\t<\/div>\n\t\t\t\t<\/div>\n\t\t\t\t<div class=\"elementor-element elementor-element-f044d42 elementor-widget elementor-widget-text-editor\" data-id=\"f044d42\" data-element_type=\"widget\" data-widget_type=\"text-editor.default\">\n\t\t\t\t<div class=\"elementor-widget-container\">\n\t\t\t\t\t\t\t\t\t<p data-start=\"208\" data-end=\"630\">\u0130ster romantik bir ka\u00e7\u0131\u015f, ister k\u00fclt\u00fcrel bir derin dal\u0131\u015f, ister aile dostu bir macera ya da l\u00fcks bir inziva planl\u0131yor olun, &#8220;Turunuzu \u00d6zelle\u015ftirin&#8221; hizmetimiz m\u00fckemmel M\u0131s\u0131r g\u00fczergah\u0131n\u0131z\u0131 kendi y\u00f6nteminizle olu\u015fturman\u0131z\u0131 sa\u011flar. Kahire&#8217;nin kalabal\u0131k sokaklar\u0131ndan K\u0131z\u0131ldeniz&#8217;in kristal berrakl\u0131\u011f\u0131ndaki sular\u0131na kadar nereye gidece\u011finiz, ne kadar kalaca\u011f\u0131n\u0131z ve sizin i\u00e7in en \u00f6nemli deneyimlerin neler olaca\u011f\u0131 sizin kontrol\u00fcn\u00fczde.<\/p>\t\t\t\t\t\t\t\t<\/div>\n\t\t\t\t<\/div>\n\t\t\t\t<div class=\"elementor-element elementor-element-fb4fdc1 elementor-widget elementor-widget-image\" data-id=\"fb4fdc1\" data-element_type=\"widget\" data-widget_type=\"image.default\">\n\t\t\t\t<div class=\"elementor-widget-container\">\n\t\t\t\t\t\t\t\t\t\t\t\t\t\t\t<img decoding=\"async\" src=\"https:\/\/egypt-destinations.com\/wp-content\/uploads\/2025\/06\/Egy-Destinations-Brand-identity-1_page-0004-scaled-720x600.webp\" title=\"Egy Destinations Brand identity (1)_page-0004\" alt=\"Egy Destinations Brand identity (1)_page-0004\" loading=\"lazy\" \/>\t\t\t\t\t\t\t\t\t\t\t\t\t\t\t<\/div>\n\t\t\t\t<\/div>\n\t\t\t\t<\/div>\n\t\t<div class=\"elementor-element elementor-element-df3d0c5 e-con-full e-flex e-con e-child\" data-id=\"df3d0c5\" data-element_type=\"container\">\n\t\t\t\t<div class=\"elementor-element elementor-element-9acf27c elementor-widget elementor-widget-shortcode\" data-id=\"9acf27c\" data-element_type=\"widget\" data-widget_type=\"shortcode.default\">\n\t\t\t\t<div class=\"elementor-widget-container\">\n\t\t\t\t\t\t\t<div class=\"elementor-shortcode\"><p class=\"wpcf7-contact-form-not-found\"><strong>Hata:<\/strong> \u0130leti\u015fim formu bulunamad\u0131.<\/p><\/div>\n\t\t\t\t\t\t<\/div>\n\t\t\t\t<\/div>\n\t\t\t\t<\/div>\n\t\t\t\t\t<\/div>\n\t\t\t\t<\/div>\n\t\t\t\t<\/div>\n\t\t","protected":false},"excerpt":{"rendered":"<p>Turunuzu \u00d6zelle\u015ftirin Hayallerinizdeki Yolculu\u011fu Tasarlay\u0131n \u0130ster romantik bir ka\u00e7\u0131\u015f, ister k\u00fclt\u00fcrel bir derin dal\u0131\u015f, ister aile dostu bir macera ya da l\u00fcks bir inziva planl\u0131yor olun, &#8220;Turunuzu \u00d6zelle\u015ftirin&#8221; hizmetimiz m\u00fckemmel M\u0131s\u0131r g\u00fczergah\u0131n\u0131z\u0131 kendi y\u00f6nteminizle olu\u015fturman\u0131z\u0131 sa\u011flar. Kahire&#8217;nin kalabal\u0131k sokaklar\u0131ndan K\u0131z\u0131ldeniz&#8217;in kristal berrakl\u0131\u011f\u0131ndaki sular\u0131na kadar nereye gidece\u011finiz, ne kadar kalaca\u011f\u0131n\u0131z ve sizin i\u00e7in en \u00f6nemli deneyimlerin [&hellip;]<\/p>\n","protected":false},"author":1,"featured_media":0,"parent":0,"menu_order":0,"comment_status":"closed","ping_status":"closed","template":"template-blank.php","meta":{"footnotes":""},"class_list":["post-12678","page","type-page","status-publish","has-post-thumbnail","hentry"],"_links":{"self":[{"href":"https:\/\/egypt-destinations.com\/tr\/wp-json\/wp\/v2\/pages\/12678","targetHints":{"allow":["GET"]}}],"collection":[{"href":"https:\/\/egypt-destinations.com\/tr\/wp-json\/wp\/v2\/pages"}],"about":[{"href":"https:\/\/egypt-destinations.com\/tr\/wp-json\/wp\/v2\/types\/page"}],"author":[{"embeddable":true,"href":"https:\/\/egypt-destinations.com\/tr\/wp-json\/wp\/v2\/users\/1"}],"replies":[{"embeddable":true,"href":"https:\/\/egypt-destinations.com\/tr\/wp-json\/wp\/v2\/comments?post=12678"}],"version-history":[{"count":4,"href":"https:\/\/egypt-destinations.com\/tr\/wp-json\/wp\/v2\/pages\/12678\/revisions"}],"predecessor-version":[{"id":12692,"href":"https:\/\/egypt-destinations.com\/tr\/wp-json\/wp\/v2\/pages\/12678\/revisions\/12692"}],"wp:attachment":[{"href":"https:\/\/egypt-destinations.com\/tr\/wp-json\/wp\/v2\/media?parent=12678"}],"curies":[{"name":"wp","href":"https:\/\/api.w.org\/{rel}","templated":true}]}}