{"id":12677,"date":"2025-06-17T10:12:41","date_gmt":"2025-06-17T10:12:41","guid":{"rendered":"https:\/\/egypt-destinations.com\/customize-your-tour\/"},"modified":"2025-07-15T08:49:48","modified_gmt":"2025-07-15T08:49:48","slug":"customize-your-tour","status":"publish","type":"page","link":"https:\/\/egypt-destinations.com\/de\/customize-your-tour\/","title":{"rendered":"Passen Sie Ihre Tour an"},"content":{"rendered":"\t\t<div data-elementor-type=\"wp-page\" data-elementor-id=\"12677\" class=\"elementor elementor-12677 elementor-11004\">\n\t\t\t\t<div class=\"elementor-element elementor-element-3c0d346 e-con-full e-flex e-con e-parent\" data-id=\"3c0d346\" data-element_type=\"container\" data-settings=\"{&quot;background_background&quot;:&quot;classic&quot;}\">\n\t\t\t\t<div class=\"elementor-element elementor-element-4bdf1c1 elementor-widget elementor-widget-heading\" data-id=\"4bdf1c1\" data-element_type=\"widget\" data-widget_type=\"heading.default\">\n\t\t\t\t<div class=\"elementor-widget-container\">\n\t\t\t\t\t<h2 class=\"elementor-heading-title elementor-size-default\">Passen Sie Ihre Tour an<\/h2>\t\t\t\t<\/div>\n\t\t\t\t<\/div>\n\t\t\t\t<\/div>\n\t\t<div class=\"elementor-element elementor-element-f2ab2d3 e-flex e-con-boxed e-con e-parent\" data-id=\"f2ab2d3\" data-element_type=\"container\">\n\t\t\t\t\t<div class=\"e-con-inner\">\n\t\t<div class=\"elementor-element elementor-element-0569b55 e-con-full e-flex e-con e-child\" data-id=\"0569b55\" data-element_type=\"container\">\n\t\t\t\t<div class=\"elementor-element elementor-element-34c77f8 elementor-widget elementor-widget-heading\" data-id=\"34c77f8\" data-element_type=\"widget\" data-widget_type=\"heading.default\">\n\t\t\t\t<div class=\"elementor-widget-container\">\n\t\t\t\t\t<h2 class=\"elementor-heading-title elementor-size-default\">Gestalten Sie die Reise Ihrer Tr\u00e4ume<\/h2>\t\t\t\t<\/div>\n\t\t\t\t<\/div>\n\t\t\t\t<div class=\"elementor-element elementor-element-f044d42 elementor-widget elementor-widget-text-editor\" data-id=\"f044d42\" data-element_type=\"widget\" data-widget_type=\"text-editor.default\">\n\t\t\t\t<div class=\"elementor-widget-container\">\n\t\t\t\t\t\t\t\t\t<p data-start=\"208\" data-end=\"630\">Ob Sie eine romantische Reise, ein kulturelles Abenteuer, ein familienfreundliches Abenteuer oder einen luxuri\u00f6sen R\u00fcckzugsort planen, mit unserem &#8222;Customize Your Tour&#8220;-Service k\u00f6nnen Sie Ihre perfekte \u00c4gypten-Reise zusammenstellen &#8211; ganz nach Ihren W\u00fcnschen. Von den belebten Stra\u00dfen Kairos bis zu den kristallklaren Gew\u00e4ssern des Roten Meeres k\u00f6nnen Sie selbst bestimmen, wohin Sie reisen, wie lange Sie bleiben und welche Erlebnisse f\u00fcr Sie am wichtigsten sind.<\/p>\t\t\t\t\t\t\t\t<\/div>\n\t\t\t\t<\/div>\n\t\t\t\t<div class=\"elementor-element elementor-element-fb4fdc1 elementor-widget elementor-widget-image\" data-id=\"fb4fdc1\" data-element_type=\"widget\" data-widget_type=\"image.default\">\n\t\t\t\t<div class=\"elementor-widget-container\">\n\t\t\t\t\t\t\t\t\t\t\t\t\t\t\t<img decoding=\"async\" src=\"https:\/\/egypt-destinations.com\/wp-content\/uploads\/2025\/06\/Egy-Destinations-Brand-identity-1_page-0004-scaled-720x600.webp\" title=\"Egy Destinations Brand identity (1)_page-0004\" alt=\"Egy Destinations Brand identity (1)_page-0004\" loading=\"lazy\" \/>\t\t\t\t\t\t\t\t\t\t\t\t\t\t\t<\/div>\n\t\t\t\t<\/div>\n\t\t\t\t<\/div>\n\t\t<div class=\"elementor-element elementor-element-df3d0c5 e-con-full e-flex e-con e-child\" data-id=\"df3d0c5\" data-element_type=\"container\">\n\t\t\t\t<div class=\"elementor-element elementor-element-9acf27c elementor-widget elementor-widget-shortcode\" data-id=\"9acf27c\" data-element_type=\"widget\" data-widget_type=\"shortcode.default\">\n\t\t\t\t<div class=\"elementor-widget-container\">\n\t\t\t\t\t\t\t<div class=\"elementor-shortcode\"><p class=\"wpcf7-contact-form-not-found\"><strong>Fehler:<\/strong> Kontaktformular wurde nicht gefunden.<\/p><\/div>\n\t\t\t\t\t\t<\/div>\n\t\t\t\t<\/div>\n\t\t\t\t<\/div>\n\t\t\t\t\t<\/div>\n\t\t\t\t<\/div>\n\t\t\t\t<\/div>\n\t\t","protected":false},"excerpt":{"rendered":"<p>Passen Sie Ihre Tour an Gestalten Sie die Reise Ihrer Tr\u00e4ume Ob Sie eine romantische Reise, ein kulturelles Abenteuer, ein familienfreundliches Abenteuer oder einen luxuri\u00f6sen R\u00fcckzugsort planen, mit unserem &#8222;Customize Your Tour&#8220;-Service k\u00f6nnen Sie Ihre perfekte \u00c4gypten-Reise zusammenstellen &#8211; ganz nach Ihren W\u00fcnschen. Von den belebten Stra\u00dfen Kairos bis zu den kristallklaren Gew\u00e4ssern des Roten [&hellip;]<\/p>\n","protected":false},"author":1,"featured_media":0,"parent":0,"menu_order":0,"comment_status":"closed","ping_status":"closed","template":"template-blank.php","meta":{"footnotes":""},"class_list":["post-12677","page","type-page","status-publish","has-post-thumbnail","hentry"],"_links":{"self":[{"href":"https:\/\/egypt-destinations.com\/de\/wp-json\/wp\/v2\/pages\/12677","targetHints":{"allow":["GET"]}}],"collection":[{"href":"https:\/\/egypt-destinations.com\/de\/wp-json\/wp\/v2\/pages"}],"about":[{"href":"https:\/\/egypt-destinations.com\/de\/wp-json\/wp\/v2\/types\/page"}],"author":[{"embeddable":true,"href":"https:\/\/egypt-destinations.com\/de\/wp-json\/wp\/v2\/users\/1"}],"replies":[{"embeddable":true,"href":"https:\/\/egypt-destinations.com\/de\/wp-json\/wp\/v2\/comments?post=12677"}],"version-history":[{"count":4,"href":"https:\/\/egypt-destinations.com\/de\/wp-json\/wp\/v2\/pages\/12677\/revisions"}],"predecessor-version":[{"id":12687,"href":"https:\/\/egypt-destinations.com\/de\/wp-json\/wp\/v2\/pages\/12677\/revisions\/12687"}],"wp:attachment":[{"href":"https:\/\/egypt-destinations.com\/de\/wp-json\/wp\/v2\/media?parent=12677"}],"curies":[{"name":"wp","href":"https:\/\/api.w.org\/{rel}","templated":true}]}}